{"id":14904,"date":"2024-08-09T09:34:48","date_gmt":"2024-08-09T09:34:48","guid":{"rendered":"https:\/\/bellaeventsspain.com\/producto\/herrenuhr-mit-zwei-zifferblaettern-und-einem-edelstahlarmband\/"},"modified":"2026-02-09T20:46:44","modified_gmt":"2026-02-09T20:46:44","slug":"herrenuhr-mit-zwei-zifferblaettern-und-einem-edelstahlarmband","status":"publish","type":"product","link":"https:\/\/www.bellaeventsspain.com\/de\/product\/herrenuhr-mit-zwei-zifferblaettern-und-einem-edelstahlarmband\/","title":{"rendered":"Herrenuhr mit zwei Zifferbl\u00e4ttern und einem Edelstahlarmband."},"content":{"rendered":"<p>43 mm Herrenuhr mit blauem Sonnenstrahleneffekt-Zifferblatt, Quarzwerk mit Chronograph und Edelstahlarmband. Farbe Silber. Gr\u00f6\u00dfe U.<br \/>\nDETAILS<\/p>\n<p>Zusammensetzung 100 % Edelstahl<br \/>\nUhrwerk: Quarz, Chronograph<br \/>\nZifferblattfarbe: blau<br \/>\nGeh\u00e4use Ma\u00dfe: 43 mm<br \/>\nGeh\u00e4usematerial: Edelstahl<br \/>\nGeh\u00e4use Farbe: Silber Gurt<br \/>\n: Edelstahl<br \/>\nAtm: 5<\/p>\n","protected":false},"excerpt":{"rendered":"<p>43 mm Herrenuhr mit blauem Sonnenstrahleneffekt-Zifferblatt, Quarzwerk mit Chronograph und Edelstahlarmband. Farbe Silber. Gr\u00f6\u00dfe U. DETAILS Zusammensetzung 100 % Edelstahl Uhrwerk: Quarz, Chronograph Zifferblattfarbe: blau Geh\u00e4use Ma\u00dfe: 43 mm Geh\u00e4usematerial: Edelstahl Geh\u00e4use Farbe: Silber Gurt : Edelstahl Atm: 5<\/p>\n","protected":false},"featured_media":14901,"template":"","meta":[],"product_brand":[],"product_cat":[261,476],"product_tag":[],"class_list":{"0":"post-14904","1":"product","2":"type-product","3":"status-publish","4":"has-post-thumbnail","6":"product_cat-erganzt","7":"product_cat-hochzeitssachen-zu-kaufen","9":"first","10":"instock","11":"taxable","12":"shipping-taxable","13":"purchasable","14":"product-type-simple"},"yoast_head":"<!-- This site is optimized with the Yoast SEO plugin v27.1.1 - https:\/\/yoast.com\/product\/yoast-seo-wordpress\/ -->\n<title>Herrenuhr mit zwei Zifferbl\u00e4ttern und einem Edelstahlarmband. - Bella Events Spain<\/title>\n<meta name=\"robots\" content=\"index, follow, max-snippet:-1, max-image-preview:large, max-video-preview:-1\" \/>\n<link rel=\"canonical\" href=\"https:\/\/www.bellaeventsspain.com\/de\/product\/herrenuhr-mit-zwei-zifferblaettern-und-einem-edelstahlarmband\/\" \/>\n<meta property=\"og:locale\" content=\"de_DE\" \/>\n<meta property=\"og:type\" content=\"article\" \/>\n<meta property=\"og:title\" content=\"Herrenuhr mit zwei Zifferbl\u00e4ttern und einem Edelstahlarmband. - Bella Events Spain\" \/>\n<meta property=\"og:description\" content=\"43 mm Herrenuhr mit blauem Sonnenstrahleneffekt-Zifferblatt, Quarzwerk mit Chronograph und Edelstahlarmband. Farbe Silber. Gr\u00f6\u00dfe U. DETAILS Zusammensetzung 100 % Edelstahl Uhrwerk: Quarz, Chronograph Zifferblattfarbe: blau Geh\u00e4use Ma\u00dfe: 43 mm Geh\u00e4usematerial: Edelstahl Geh\u00e4use Farbe: Silber Gurt : Edelstahl Atm: 5\" \/>\n<meta property=\"og:url\" content=\"https:\/\/www.bellaeventsspain.com\/de\/product\/herrenuhr-mit-zwei-zifferblaettern-und-einem-edelstahlarmband\/\" \/>\n<meta property=\"og:site_name\" content=\"Bella Events Spain\" \/>\n<meta property=\"article:publisher\" content=\"https:\/\/www.facebook.com\/profile.php?id=61555475803204\" \/>\n<meta property=\"article:modified_time\" content=\"2026-02-09T20:46:44+00:00\" \/>\n<meta property=\"og:image\" content=\"https:\/\/www.bellaeventsspain.com\/wp-content\/uploads\/2024\/08\/Afbeelding-van-WhatsApp-op-2024-08-09-om-10.54.29_6f088a5e.jpg\" \/>\n\t<meta property=\"og:image:width\" content=\"1137\" \/>\n\t<meta property=\"og:image:height\" content=\"1600\" \/>\n\t<meta property=\"og:image:type\" content=\"image\/jpeg\" \/>\n<meta name=\"twitter:card\" content=\"summary_large_image\" \/>\n<script type=\"application\/ld+json\" class=\"yoast-schema-graph\">{\"@context\":\"https:\/\/schema.org\",\"@graph\":[{\"@type\":\"WebPage\",\"@id\":\"https:\/\/www.bellaeventsspain.com\/de\/product\/herrenuhr-mit-zwei-zifferblaettern-und-einem-edelstahlarmband\/\",\"url\":\"https:\/\/www.bellaeventsspain.com\/de\/product\/herrenuhr-mit-zwei-zifferblaettern-und-einem-edelstahlarmband\/\",\"name\":\"Herrenuhr mit zwei Zifferbl\u00e4ttern und einem Edelstahlarmband. - Bella Events Spain\",\"isPartOf\":{\"@id\":\"https:\/\/www.bellaeventsspain.com\/de\/#website\"},\"primaryImageOfPage\":{\"@id\":\"https:\/\/www.bellaeventsspain.com\/de\/product\/herrenuhr-mit-zwei-zifferblaettern-und-einem-edelstahlarmband\/#primaryimage\"},\"image\":{\"@id\":\"https:\/\/www.bellaeventsspain.com\/de\/product\/herrenuhr-mit-zwei-zifferblaettern-und-einem-edelstahlarmband\/#primaryimage\"},\"thumbnailUrl\":\"https:\/\/www.bellaeventsspain.com\/wp-content\/uploads\/2024\/08\/Afbeelding-van-WhatsApp-op-2024-08-09-om-10.54.29_6f088a5e.jpg\",\"datePublished\":\"2024-08-09T09:34:48+00:00\",\"dateModified\":\"2026-02-09T20:46:44+00:00\",\"breadcrumb\":{\"@id\":\"https:\/\/www.bellaeventsspain.com\/de\/product\/herrenuhr-mit-zwei-zifferblaettern-und-einem-edelstahlarmband\/#breadcrumb\"},\"inLanguage\":\"de\",\"potentialAction\":[{\"@type\":\"ReadAction\",\"target\":[\"https:\/\/www.bellaeventsspain.com\/de\/product\/herrenuhr-mit-zwei-zifferblaettern-und-einem-edelstahlarmband\/\"]}]},{\"@type\":\"ImageObject\",\"inLanguage\":\"de\",\"@id\":\"https:\/\/www.bellaeventsspain.com\/de\/product\/herrenuhr-mit-zwei-zifferblaettern-und-einem-edelstahlarmband\/#primaryimage\",\"url\":\"https:\/\/www.bellaeventsspain.com\/wp-content\/uploads\/2024\/08\/Afbeelding-van-WhatsApp-op-2024-08-09-om-10.54.29_6f088a5e.jpg\",\"contentUrl\":\"https:\/\/www.bellaeventsspain.com\/wp-content\/uploads\/2024\/08\/Afbeelding-van-WhatsApp-op-2024-08-09-om-10.54.29_6f088a5e.jpg\",\"width\":1137,\"height\":1600},{\"@type\":\"BreadcrumbList\",\"@id\":\"https:\/\/www.bellaeventsspain.com\/de\/product\/herrenuhr-mit-zwei-zifferblaettern-und-einem-edelstahlarmband\/#breadcrumb\",\"itemListElement\":[{\"@type\":\"ListItem\",\"position\":1,\"name\":\"Portada\",\"item\":\"https:\/\/www.bellaeventsspain.com\/de\/\"},{\"@type\":\"ListItem\",\"position\":2,\"name\":\"Webshop\",\"item\":\"https:\/\/www.bellaeventsspain.com\/de\/shop\/\"},{\"@type\":\"ListItem\",\"position\":3,\"name\":\"Herrenuhr mit zwei Zifferbl\u00e4ttern und einem Edelstahlarmband.\"}]},{\"@type\":\"WebSite\",\"@id\":\"https:\/\/www.bellaeventsspain.com\/de\/#website\",\"url\":\"https:\/\/www.bellaeventsspain.com\/de\/\",\"name\":\"Bella Events Spain\",\"description\":\"\",\"publisher\":{\"@id\":\"https:\/\/www.bellaeventsspain.com\/de\/#organization\"},\"potentialAction\":[{\"@type\":\"SearchAction\",\"target\":{\"@type\":\"EntryPoint\",\"urlTemplate\":\"https:\/\/www.bellaeventsspain.com\/de\/?s={search_term_string}\"},\"query-input\":{\"@type\":\"PropertyValueSpecification\",\"valueRequired\":true,\"valueName\":\"search_term_string\"}}],\"inLanguage\":\"de\"},{\"@type\":\"Organization\",\"@id\":\"https:\/\/www.bellaeventsspain.com\/de\/#organization\",\"name\":\"Bella Events Spain\",\"url\":\"https:\/\/www.bellaeventsspain.com\/de\/\",\"logo\":{\"@type\":\"ImageObject\",\"inLanguage\":\"de\",\"@id\":\"https:\/\/www.bellaeventsspain.com\/de\/#\/schema\/logo\/image\/\",\"url\":\"https:\/\/bellaeventsspain.com\/wp-content\/uploads\/2024\/05\/Afbeelding-van-WhatsApp-op-2024-03-11-om-21.17.25_6df76842.jpg\",\"contentUrl\":\"https:\/\/bellaeventsspain.com\/wp-content\/uploads\/2024\/05\/Afbeelding-van-WhatsApp-op-2024-03-11-om-21.17.25_6df76842.jpg\",\"width\":322,\"height\":282,\"caption\":\"Bella Events Spain\"},\"image\":{\"@id\":\"https:\/\/www.bellaeventsspain.com\/de\/#\/schema\/logo\/image\/\"},\"sameAs\":[\"https:\/\/www.facebook.com\/profile.php?id=61555475803204\",\"https:\/\/www.instagram.com\/bellaeventsspain\/\"]}]}<\/script>\n<!-- \/ Yoast SEO plugin. -->","yoast_head_json":{"title":"Herrenuhr mit zwei Zifferbl\u00e4ttern und einem Edelstahlarmband. - Bella Events Spain","robots":{"index":"index","follow":"follow","max-snippet":"max-snippet:-1","max-image-preview":"max-image-preview:large","max-video-preview":"max-video-preview:-1"},"canonical":"https:\/\/www.bellaeventsspain.com\/de\/product\/herrenuhr-mit-zwei-zifferblaettern-und-einem-edelstahlarmband\/","og_locale":"de_DE","og_type":"article","og_title":"Herrenuhr mit zwei Zifferbl\u00e4ttern und einem Edelstahlarmband. - Bella Events Spain","og_description":"43 mm Herrenuhr mit blauem Sonnenstrahleneffekt-Zifferblatt, Quarzwerk mit Chronograph und Edelstahlarmband. Farbe Silber. Gr\u00f6\u00dfe U. DETAILS Zusammensetzung 100 % Edelstahl Uhrwerk: Quarz, Chronograph Zifferblattfarbe: blau Geh\u00e4use Ma\u00dfe: 43 mm Geh\u00e4usematerial: Edelstahl Geh\u00e4use Farbe: Silber Gurt : Edelstahl Atm: 5","og_url":"https:\/\/www.bellaeventsspain.com\/de\/product\/herrenuhr-mit-zwei-zifferblaettern-und-einem-edelstahlarmband\/","og_site_name":"Bella Events Spain","article_publisher":"https:\/\/www.facebook.com\/profile.php?id=61555475803204","article_modified_time":"2026-02-09T20:46:44+00:00","og_image":[{"width":1137,"height":1600,"url":"https:\/\/www.bellaeventsspain.com\/wp-content\/uploads\/2024\/08\/Afbeelding-van-WhatsApp-op-2024-08-09-om-10.54.29_6f088a5e.jpg","type":"image\/jpeg"}],"twitter_card":"summary_large_image","schema":{"@context":"https:\/\/schema.org","@graph":[{"@type":"WebPage","@id":"https:\/\/www.bellaeventsspain.com\/de\/product\/herrenuhr-mit-zwei-zifferblaettern-und-einem-edelstahlarmband\/","url":"https:\/\/www.bellaeventsspain.com\/de\/product\/herrenuhr-mit-zwei-zifferblaettern-und-einem-edelstahlarmband\/","name":"Herrenuhr mit zwei Zifferbl\u00e4ttern und einem Edelstahlarmband. - Bella Events Spain","isPartOf":{"@id":"https:\/\/www.bellaeventsspain.com\/de\/#website"},"primaryImageOfPage":{"@id":"https:\/\/www.bellaeventsspain.com\/de\/product\/herrenuhr-mit-zwei-zifferblaettern-und-einem-edelstahlarmband\/#primaryimage"},"image":{"@id":"https:\/\/www.bellaeventsspain.com\/de\/product\/herrenuhr-mit-zwei-zifferblaettern-und-einem-edelstahlarmband\/#primaryimage"},"thumbnailUrl":"https:\/\/www.bellaeventsspain.com\/wp-content\/uploads\/2024\/08\/Afbeelding-van-WhatsApp-op-2024-08-09-om-10.54.29_6f088a5e.jpg","datePublished":"2024-08-09T09:34:48+00:00","dateModified":"2026-02-09T20:46:44+00:00","breadcrumb":{"@id":"https:\/\/www.bellaeventsspain.com\/de\/product\/herrenuhr-mit-zwei-zifferblaettern-und-einem-edelstahlarmband\/#breadcrumb"},"inLanguage":"de","potentialAction":[{"@type":"ReadAction","target":["https:\/\/www.bellaeventsspain.com\/de\/product\/herrenuhr-mit-zwei-zifferblaettern-und-einem-edelstahlarmband\/"]}]},{"@type":"ImageObject","inLanguage":"de","@id":"https:\/\/www.bellaeventsspain.com\/de\/product\/herrenuhr-mit-zwei-zifferblaettern-und-einem-edelstahlarmband\/#primaryimage","url":"https:\/\/www.bellaeventsspain.com\/wp-content\/uploads\/2024\/08\/Afbeelding-van-WhatsApp-op-2024-08-09-om-10.54.29_6f088a5e.jpg","contentUrl":"https:\/\/www.bellaeventsspain.com\/wp-content\/uploads\/2024\/08\/Afbeelding-van-WhatsApp-op-2024-08-09-om-10.54.29_6f088a5e.jpg","width":1137,"height":1600},{"@type":"BreadcrumbList","@id":"https:\/\/www.bellaeventsspain.com\/de\/product\/herrenuhr-mit-zwei-zifferblaettern-und-einem-edelstahlarmband\/#breadcrumb","itemListElement":[{"@type":"ListItem","position":1,"name":"Portada","item":"https:\/\/www.bellaeventsspain.com\/de\/"},{"@type":"ListItem","position":2,"name":"Webshop","item":"https:\/\/www.bellaeventsspain.com\/de\/shop\/"},{"@type":"ListItem","position":3,"name":"Herrenuhr mit zwei Zifferbl\u00e4ttern und einem Edelstahlarmband."}]},{"@type":"WebSite","@id":"https:\/\/www.bellaeventsspain.com\/de\/#website","url":"https:\/\/www.bellaeventsspain.com\/de\/","name":"Bella Events Spain","description":"","publisher":{"@id":"https:\/\/www.bellaeventsspain.com\/de\/#organization"},"potentialAction":[{"@type":"SearchAction","target":{"@type":"EntryPoint","urlTemplate":"https:\/\/www.bellaeventsspain.com\/de\/?s={search_term_string}"},"query-input":{"@type":"PropertyValueSpecification","valueRequired":true,"valueName":"search_term_string"}}],"inLanguage":"de"},{"@type":"Organization","@id":"https:\/\/www.bellaeventsspain.com\/de\/#organization","name":"Bella Events Spain","url":"https:\/\/www.bellaeventsspain.com\/de\/","logo":{"@type":"ImageObject","inLanguage":"de","@id":"https:\/\/www.bellaeventsspain.com\/de\/#\/schema\/logo\/image\/","url":"https:\/\/bellaeventsspain.com\/wp-content\/uploads\/2024\/05\/Afbeelding-van-WhatsApp-op-2024-03-11-om-21.17.25_6df76842.jpg","contentUrl":"https:\/\/bellaeventsspain.com\/wp-content\/uploads\/2024\/05\/Afbeelding-van-WhatsApp-op-2024-03-11-om-21.17.25_6df76842.jpg","width":322,"height":282,"caption":"Bella Events Spain"},"image":{"@id":"https:\/\/www.bellaeventsspain.com\/de\/#\/schema\/logo\/image\/"},"sameAs":["https:\/\/www.facebook.com\/profile.php?id=61555475803204","https:\/\/www.instagram.com\/bellaeventsspain\/"]}]}},"_links":{"self":[{"href":"https:\/\/www.bellaeventsspain.com\/de\/wp-json\/wp\/v2\/product\/14904","targetHints":{"allow":["GET"]}}],"collection":[{"href":"https:\/\/www.bellaeventsspain.com\/de\/wp-json\/wp\/v2\/product"}],"about":[{"href":"https:\/\/www.bellaeventsspain.com\/de\/wp-json\/wp\/v2\/types\/product"}],"wp:featuredmedia":[{"embeddable":true,"href":"https:\/\/www.bellaeventsspain.com\/de\/wp-json\/wp\/v2\/media\/14901"}],"wp:attachment":[{"href":"https:\/\/www.bellaeventsspain.com\/de\/wp-json\/wp\/v2\/media?parent=14904"}],"wp:term":[{"taxonomy":"product_brand","embeddable":true,"href":"https:\/\/www.bellaeventsspain.com\/de\/wp-json\/wp\/v2\/product_brand?post=14904"},{"taxonomy":"product_cat","embeddable":true,"href":"https:\/\/www.bellaeventsspain.com\/de\/wp-json\/wp\/v2\/product_cat?post=14904"},{"taxonomy":"product_tag","embeddable":true,"href":"https:\/\/www.bellaeventsspain.com\/de\/wp-json\/wp\/v2\/product_tag?post=14904"}],"curies":[{"name":"wp","href":"https:\/\/api.w.org\/{rel}","templated":true}]}}