{"id":15615,"date":"2026-01-21T12:38:46","date_gmt":"2026-01-21T12:38:46","guid":{"rendered":"https:\/\/www.bellaeventsspain.com\/product\/versammlung-abbau-der-stuehle\/"},"modified":"2026-02-09T20:41:14","modified_gmt":"2026-02-09T20:41:14","slug":"versammlung-abbau-der-stuehle","status":"publish","type":"product","link":"https:\/\/www.bellaeventsspain.com\/de\/product\/versammlung-abbau-der-stuehle\/","title":{"rendered":"Versammlung \/ Abbau der St\u00fchle"},"content":{"rendered":"<p>Zusammenbau und Abbau der St\u00fchle am Veranstaltungsort. W\u00e4hlen Sie die Anzahl der gemieteten Sitze. <\/p>\n","protected":false},"excerpt":{"rendered":"<p>Zusammenbau und Aufl\u00f6sung<\/p>\n","protected":false},"featured_media":15620,"template":"","meta":[],"product_brand":[],"product_cat":[473,492],"product_tag":[],"class_list":{"0":"post-15615","1":"product","2":"type-product","3":"status-publish","4":"has-post-thumbnail","6":"product_cat-materialen-fur-events-zu-mieten","7":"product_cat-servicevermietungen","9":"first","10":"instock","11":"virtual","12":"taxable","13":"purchasable","14":"product-type-simple"},"yoast_head":"<!-- This site is optimized with the Yoast SEO plugin v27.5 - https:\/\/yoast.com\/product\/yoast-seo-wordpress\/ -->\n<title>Versammlung \/ Abbau der St\u00fchle - Bella Events Spain<\/title>\n<meta name=\"robots\" content=\"index, follow, max-snippet:-1, max-image-preview:large, max-video-preview:-1\" \/>\n<link rel=\"canonical\" href=\"https:\/\/www.bellaeventsspain.com\/de\/product\/versammlung-abbau-der-stuehle\/\" \/>\n<meta property=\"og:locale\" content=\"de_DE\" \/>\n<meta property=\"og:type\" content=\"article\" \/>\n<meta property=\"og:title\" content=\"Versammlung \/ Abbau der St\u00fchle - Bella Events Spain\" \/>\n<meta property=\"og:description\" content=\"Zusammenbau und Aufl\u00f6sung\" \/>\n<meta property=\"og:url\" content=\"https:\/\/www.bellaeventsspain.com\/de\/product\/versammlung-abbau-der-stuehle\/\" \/>\n<meta property=\"og:site_name\" content=\"Bella Events Spain\" \/>\n<meta property=\"article:publisher\" content=\"https:\/\/www.facebook.com\/profile.php?id=61555475803204\" \/>\n<meta property=\"article:modified_time\" content=\"2026-02-09T20:41:14+00:00\" \/>\n<meta property=\"og:image\" content=\"https:\/\/www.bellaeventsspain.com\/wp-content\/uploads\/2026\/01\/Preparativos-para-ceremonia-de-bodas-1024x683.png\" \/>\n\t<meta property=\"og:image:width\" content=\"1024\" \/>\n\t<meta property=\"og:image:height\" content=\"683\" \/>\n\t<meta property=\"og:image:type\" content=\"image\/png\" \/>\n<meta name=\"twitter:card\" content=\"summary_large_image\" \/>\n<script type=\"application\/ld+json\" class=\"yoast-schema-graph\">{\"@context\":\"https:\\\/\\\/schema.org\",\"@graph\":[{\"@type\":\"WebPage\",\"@id\":\"https:\\\/\\\/www.bellaeventsspain.com\\\/de\\\/product\\\/versammlung-abbau-der-stuehle\\\/\",\"url\":\"https:\\\/\\\/www.bellaeventsspain.com\\\/de\\\/product\\\/versammlung-abbau-der-stuehle\\\/\",\"name\":\"Versammlung \\\/ Abbau der St\u00fchle - Bella Events Spain\",\"isPartOf\":{\"@id\":\"https:\\\/\\\/www.bellaeventsspain.com\\\/de\\\/#website\"},\"primaryImageOfPage\":{\"@id\":\"https:\\\/\\\/www.bellaeventsspain.com\\\/de\\\/product\\\/versammlung-abbau-der-stuehle\\\/#primaryimage\"},\"image\":{\"@id\":\"https:\\\/\\\/www.bellaeventsspain.com\\\/de\\\/product\\\/versammlung-abbau-der-stuehle\\\/#primaryimage\"},\"thumbnailUrl\":\"https:\\\/\\\/www.bellaeventsspain.com\\\/wp-content\\\/uploads\\\/2026\\\/01\\\/Preparativos-para-ceremonia-de-bodas.png\",\"datePublished\":\"2026-01-21T12:38:46+00:00\",\"dateModified\":\"2026-02-09T20:41:14+00:00\",\"breadcrumb\":{\"@id\":\"https:\\\/\\\/www.bellaeventsspain.com\\\/de\\\/product\\\/versammlung-abbau-der-stuehle\\\/#breadcrumb\"},\"inLanguage\":\"de\",\"potentialAction\":[{\"@type\":\"ReadAction\",\"target\":[\"https:\\\/\\\/www.bellaeventsspain.com\\\/de\\\/product\\\/versammlung-abbau-der-stuehle\\\/\"]}]},{\"@type\":\"ImageObject\",\"inLanguage\":\"de\",\"@id\":\"https:\\\/\\\/www.bellaeventsspain.com\\\/de\\\/product\\\/versammlung-abbau-der-stuehle\\\/#primaryimage\",\"url\":\"https:\\\/\\\/www.bellaeventsspain.com\\\/wp-content\\\/uploads\\\/2026\\\/01\\\/Preparativos-para-ceremonia-de-bodas.png\",\"contentUrl\":\"https:\\\/\\\/www.bellaeventsspain.com\\\/wp-content\\\/uploads\\\/2026\\\/01\\\/Preparativos-para-ceremonia-de-bodas.png\",\"width\":1536,\"height\":1024},{\"@type\":\"BreadcrumbList\",\"@id\":\"https:\\\/\\\/www.bellaeventsspain.com\\\/de\\\/product\\\/versammlung-abbau-der-stuehle\\\/#breadcrumb\",\"itemListElement\":[{\"@type\":\"ListItem\",\"position\":1,\"name\":\"Portada\",\"item\":\"https:\\\/\\\/www.bellaeventsspain.com\\\/de\\\/\"},{\"@type\":\"ListItem\",\"position\":2,\"name\":\"Webshop\",\"item\":\"https:\\\/\\\/www.bellaeventsspain.com\\\/de\\\/shop\\\/\"},{\"@type\":\"ListItem\",\"position\":3,\"name\":\"Versammlung \\\/ Abbau der St\u00fchle\"}]},{\"@type\":\"WebSite\",\"@id\":\"https:\\\/\\\/www.bellaeventsspain.com\\\/de\\\/#website\",\"url\":\"https:\\\/\\\/www.bellaeventsspain.com\\\/de\\\/\",\"name\":\"Bella Events Spain\",\"description\":\"\",\"publisher\":{\"@id\":\"https:\\\/\\\/www.bellaeventsspain.com\\\/de\\\/#organization\"},\"potentialAction\":[{\"@type\":\"SearchAction\",\"target\":{\"@type\":\"EntryPoint\",\"urlTemplate\":\"https:\\\/\\\/www.bellaeventsspain.com\\\/de\\\/?s={search_term_string}\"},\"query-input\":{\"@type\":\"PropertyValueSpecification\",\"valueRequired\":true,\"valueName\":\"search_term_string\"}}],\"inLanguage\":\"de\"},{\"@type\":\"Organization\",\"@id\":\"https:\\\/\\\/www.bellaeventsspain.com\\\/de\\\/#organization\",\"name\":\"Bella Events Spain\",\"url\":\"https:\\\/\\\/www.bellaeventsspain.com\\\/de\\\/\",\"logo\":{\"@type\":\"ImageObject\",\"inLanguage\":\"de\",\"@id\":\"https:\\\/\\\/www.bellaeventsspain.com\\\/de\\\/#\\\/schema\\\/logo\\\/image\\\/\",\"url\":\"https:\\\/\\\/bellaeventsspain.com\\\/wp-content\\\/uploads\\\/2024\\\/05\\\/Afbeelding-van-WhatsApp-op-2024-03-11-om-21.17.25_6df76842.jpg\",\"contentUrl\":\"https:\\\/\\\/bellaeventsspain.com\\\/wp-content\\\/uploads\\\/2024\\\/05\\\/Afbeelding-van-WhatsApp-op-2024-03-11-om-21.17.25_6df76842.jpg\",\"width\":322,\"height\":282,\"caption\":\"Bella Events Spain\"},\"image\":{\"@id\":\"https:\\\/\\\/www.bellaeventsspain.com\\\/de\\\/#\\\/schema\\\/logo\\\/image\\\/\"},\"sameAs\":[\"https:\\\/\\\/www.facebook.com\\\/profile.php?id=61555475803204\",\"https:\\\/\\\/www.instagram.com\\\/bellaeventsspain\\\/\"]}]}<\/script>\n<!-- \/ Yoast SEO plugin. -->","yoast_head_json":{"title":"Versammlung \/ Abbau der St\u00fchle - Bella Events Spain","robots":{"index":"index","follow":"follow","max-snippet":"max-snippet:-1","max-image-preview":"max-image-preview:large","max-video-preview":"max-video-preview:-1"},"canonical":"https:\/\/www.bellaeventsspain.com\/de\/product\/versammlung-abbau-der-stuehle\/","og_locale":"de_DE","og_type":"article","og_title":"Versammlung \/ Abbau der St\u00fchle - Bella Events Spain","og_description":"Zusammenbau und Aufl\u00f6sung","og_url":"https:\/\/www.bellaeventsspain.com\/de\/product\/versammlung-abbau-der-stuehle\/","og_site_name":"Bella Events Spain","article_publisher":"https:\/\/www.facebook.com\/profile.php?id=61555475803204","article_modified_time":"2026-02-09T20:41:14+00:00","og_image":[{"width":1024,"height":683,"url":"https:\/\/www.bellaeventsspain.com\/wp-content\/uploads\/2026\/01\/Preparativos-para-ceremonia-de-bodas-1024x683.png","type":"image\/png"}],"twitter_card":"summary_large_image","schema":{"@context":"https:\/\/schema.org","@graph":[{"@type":"WebPage","@id":"https:\/\/www.bellaeventsspain.com\/de\/product\/versammlung-abbau-der-stuehle\/","url":"https:\/\/www.bellaeventsspain.com\/de\/product\/versammlung-abbau-der-stuehle\/","name":"Versammlung \/ Abbau der St\u00fchle - Bella Events Spain","isPartOf":{"@id":"https:\/\/www.bellaeventsspain.com\/de\/#website"},"primaryImageOfPage":{"@id":"https:\/\/www.bellaeventsspain.com\/de\/product\/versammlung-abbau-der-stuehle\/#primaryimage"},"image":{"@id":"https:\/\/www.bellaeventsspain.com\/de\/product\/versammlung-abbau-der-stuehle\/#primaryimage"},"thumbnailUrl":"https:\/\/www.bellaeventsspain.com\/wp-content\/uploads\/2026\/01\/Preparativos-para-ceremonia-de-bodas.png","datePublished":"2026-01-21T12:38:46+00:00","dateModified":"2026-02-09T20:41:14+00:00","breadcrumb":{"@id":"https:\/\/www.bellaeventsspain.com\/de\/product\/versammlung-abbau-der-stuehle\/#breadcrumb"},"inLanguage":"de","potentialAction":[{"@type":"ReadAction","target":["https:\/\/www.bellaeventsspain.com\/de\/product\/versammlung-abbau-der-stuehle\/"]}]},{"@type":"ImageObject","inLanguage":"de","@id":"https:\/\/www.bellaeventsspain.com\/de\/product\/versammlung-abbau-der-stuehle\/#primaryimage","url":"https:\/\/www.bellaeventsspain.com\/wp-content\/uploads\/2026\/01\/Preparativos-para-ceremonia-de-bodas.png","contentUrl":"https:\/\/www.bellaeventsspain.com\/wp-content\/uploads\/2026\/01\/Preparativos-para-ceremonia-de-bodas.png","width":1536,"height":1024},{"@type":"BreadcrumbList","@id":"https:\/\/www.bellaeventsspain.com\/de\/product\/versammlung-abbau-der-stuehle\/#breadcrumb","itemListElement":[{"@type":"ListItem","position":1,"name":"Portada","item":"https:\/\/www.bellaeventsspain.com\/de\/"},{"@type":"ListItem","position":2,"name":"Webshop","item":"https:\/\/www.bellaeventsspain.com\/de\/shop\/"},{"@type":"ListItem","position":3,"name":"Versammlung \/ Abbau der St\u00fchle"}]},{"@type":"WebSite","@id":"https:\/\/www.bellaeventsspain.com\/de\/#website","url":"https:\/\/www.bellaeventsspain.com\/de\/","name":"Bella Events Spain","description":"","publisher":{"@id":"https:\/\/www.bellaeventsspain.com\/de\/#organization"},"potentialAction":[{"@type":"SearchAction","target":{"@type":"EntryPoint","urlTemplate":"https:\/\/www.bellaeventsspain.com\/de\/?s={search_term_string}"},"query-input":{"@type":"PropertyValueSpecification","valueRequired":true,"valueName":"search_term_string"}}],"inLanguage":"de"},{"@type":"Organization","@id":"https:\/\/www.bellaeventsspain.com\/de\/#organization","name":"Bella Events Spain","url":"https:\/\/www.bellaeventsspain.com\/de\/","logo":{"@type":"ImageObject","inLanguage":"de","@id":"https:\/\/www.bellaeventsspain.com\/de\/#\/schema\/logo\/image\/","url":"https:\/\/bellaeventsspain.com\/wp-content\/uploads\/2024\/05\/Afbeelding-van-WhatsApp-op-2024-03-11-om-21.17.25_6df76842.jpg","contentUrl":"https:\/\/bellaeventsspain.com\/wp-content\/uploads\/2024\/05\/Afbeelding-van-WhatsApp-op-2024-03-11-om-21.17.25_6df76842.jpg","width":322,"height":282,"caption":"Bella Events Spain"},"image":{"@id":"https:\/\/www.bellaeventsspain.com\/de\/#\/schema\/logo\/image\/"},"sameAs":["https:\/\/www.facebook.com\/profile.php?id=61555475803204","https:\/\/www.instagram.com\/bellaeventsspain\/"]}]}},"_links":{"self":[{"href":"https:\/\/www.bellaeventsspain.com\/de\/wp-json\/wp\/v2\/product\/15615","targetHints":{"allow":["GET"]}}],"collection":[{"href":"https:\/\/www.bellaeventsspain.com\/de\/wp-json\/wp\/v2\/product"}],"about":[{"href":"https:\/\/www.bellaeventsspain.com\/de\/wp-json\/wp\/v2\/types\/product"}],"wp:featuredmedia":[{"embeddable":true,"href":"https:\/\/www.bellaeventsspain.com\/de\/wp-json\/wp\/v2\/media\/15620"}],"wp:attachment":[{"href":"https:\/\/www.bellaeventsspain.com\/de\/wp-json\/wp\/v2\/media?parent=15615"}],"wp:term":[{"taxonomy":"product_brand","embeddable":true,"href":"https:\/\/www.bellaeventsspain.com\/de\/wp-json\/wp\/v2\/product_brand?post=15615"},{"taxonomy":"product_cat","embeddable":true,"href":"https:\/\/www.bellaeventsspain.com\/de\/wp-json\/wp\/v2\/product_cat?post=15615"},{"taxonomy":"product_tag","embeddable":true,"href":"https:\/\/www.bellaeventsspain.com\/de\/wp-json\/wp\/v2\/product_tag?post=15615"}],"curies":[{"name":"wp","href":"https:\/\/api.w.org\/{rel}","templated":true}]}}