{"id":16088,"date":"2026-02-11T16:38:36","date_gmt":"2026-02-11T16:38:36","guid":{"rendered":"https:\/\/www.bellaeventsspain.com\/product\/rechteckige-tabelle\/"},"modified":"2026-02-15T10:30:26","modified_gmt":"2026-02-15T10:30:26","slug":"rechteckige-tabelle","status":"publish","type":"product","link":"https:\/\/www.bellaeventsspain.com\/de\/product\/rechteckige-tabelle\/","title":{"rendered":"Rechteckige Tabelle"},"content":{"rendered":"<p>Rechteckiger Tisch. Ma\u00dfe: Breite 75 cm, L\u00e4nge 1,82 cm und H\u00f6he 73 cm <\/p>\n","protected":false},"excerpt":{"rendered":"<p>Rechteckiger Tisch f\u00fcr Feste und Hochzeiten<\/p>\n","protected":false},"featured_media":16089,"template":"","meta":[],"product_brand":[],"product_cat":[503],"product_tag":[],"class_list":{"0":"post-16088","1":"product","2":"type-product","3":"status-publish","4":"has-post-thumbnail","6":"product_cat-tabellen","8":"first","9":"instock","10":"virtual","11":"taxable","12":"purchasable","13":"product-type-simple"},"yoast_head":"<!-- This site is optimized with the Yoast SEO plugin v27.1.1 - https:\/\/yoast.com\/product\/yoast-seo-wordpress\/ -->\n<title>Rechteckige Tabelle - Bella Events Spain<\/title>\n<meta name=\"description\" content=\"Rechteckige Tische f\u00fcr Feste und Hochzeiten zu mieten in Calpe, Benissa Altea, Moraira. G\u00fcnstiger Preis.\" \/>\n<meta name=\"robots\" content=\"index, follow, max-snippet:-1, max-image-preview:large, max-video-preview:-1\" \/>\n<link rel=\"canonical\" href=\"https:\/\/www.bellaeventsspain.com\/de\/product\/rechteckige-tabelle\/\" \/>\n<meta property=\"og:locale\" content=\"de_DE\" \/>\n<meta property=\"og:type\" content=\"article\" \/>\n<meta property=\"og:title\" content=\"Rechteckige Tabelle - Bella Events Spain\" \/>\n<meta property=\"og:description\" content=\"Rechteckige Tische f\u00fcr Feste und Hochzeiten zu mieten in Calpe, Benissa Altea, Moraira. G\u00fcnstiger Preis.\" \/>\n<meta property=\"og:url\" content=\"https:\/\/www.bellaeventsspain.com\/de\/product\/rechteckige-tabelle\/\" \/>\n<meta property=\"og:site_name\" content=\"Bella Events Spain\" \/>\n<meta property=\"article:publisher\" content=\"https:\/\/www.facebook.com\/profile.php?id=61555475803204\" \/>\n<meta property=\"article:modified_time\" content=\"2026-02-15T10:30:26+00:00\" \/>\n<meta property=\"og:image\" content=\"https:\/\/www.bellaeventsspain.com\/wp-content\/uploads\/2026\/02\/WhatsApp-Image-2026-02-11-at-17.05.56.jpeg\" \/>\n\t<meta property=\"og:image:width\" content=\"884\" \/>\n\t<meta property=\"og:image:height\" content=\"663\" \/>\n\t<meta property=\"og:image:type\" content=\"image\/jpeg\" \/>\n<meta name=\"twitter:card\" content=\"summary_large_image\" \/>\n<script type=\"application\/ld+json\" class=\"yoast-schema-graph\">{\"@context\":\"https:\/\/schema.org\",\"@graph\":[{\"@type\":\"WebPage\",\"@id\":\"https:\/\/www.bellaeventsspain.com\/de\/product\/rechteckige-tabelle\/\",\"url\":\"https:\/\/www.bellaeventsspain.com\/de\/product\/rechteckige-tabelle\/\",\"name\":\"Rechteckige Tabelle - Bella Events Spain\",\"isPartOf\":{\"@id\":\"https:\/\/www.bellaeventsspain.com\/de\/#website\"},\"primaryImageOfPage\":{\"@id\":\"https:\/\/www.bellaeventsspain.com\/de\/product\/rechteckige-tabelle\/#primaryimage\"},\"image\":{\"@id\":\"https:\/\/www.bellaeventsspain.com\/de\/product\/rechteckige-tabelle\/#primaryimage\"},\"thumbnailUrl\":\"https:\/\/www.bellaeventsspain.com\/wp-content\/uploads\/2026\/02\/WhatsApp-Image-2026-02-11-at-17.05.56.jpeg\",\"datePublished\":\"2026-02-11T16:38:36+00:00\",\"dateModified\":\"2026-02-15T10:30:26+00:00\",\"description\":\"Rechteckige Tische f\u00fcr Feste und Hochzeiten zu mieten in Calpe, Benissa Altea, Moraira. G\u00fcnstiger Preis.\",\"breadcrumb\":{\"@id\":\"https:\/\/www.bellaeventsspain.com\/de\/product\/rechteckige-tabelle\/#breadcrumb\"},\"inLanguage\":\"de\",\"potentialAction\":[{\"@type\":\"ReadAction\",\"target\":[\"https:\/\/www.bellaeventsspain.com\/de\/product\/rechteckige-tabelle\/\"]}]},{\"@type\":\"ImageObject\",\"inLanguage\":\"de\",\"@id\":\"https:\/\/www.bellaeventsspain.com\/de\/product\/rechteckige-tabelle\/#primaryimage\",\"url\":\"https:\/\/www.bellaeventsspain.com\/wp-content\/uploads\/2026\/02\/WhatsApp-Image-2026-02-11-at-17.05.56.jpeg\",\"contentUrl\":\"https:\/\/www.bellaeventsspain.com\/wp-content\/uploads\/2026\/02\/WhatsApp-Image-2026-02-11-at-17.05.56.jpeg\",\"width\":884,\"height\":663,\"caption\":\"Beispiel f\u00fcr einen rechteckigen Tisch f\u00fcr Hochzeiten und Feste\"},{\"@type\":\"BreadcrumbList\",\"@id\":\"https:\/\/www.bellaeventsspain.com\/de\/product\/rechteckige-tabelle\/#breadcrumb\",\"itemListElement\":[{\"@type\":\"ListItem\",\"position\":1,\"name\":\"Portada\",\"item\":\"https:\/\/www.bellaeventsspain.com\/de\/\"},{\"@type\":\"ListItem\",\"position\":2,\"name\":\"Webshop\",\"item\":\"https:\/\/www.bellaeventsspain.com\/de\/shop\/\"},{\"@type\":\"ListItem\",\"position\":3,\"name\":\"Rechteckige Tabelle\"}]},{\"@type\":\"WebSite\",\"@id\":\"https:\/\/www.bellaeventsspain.com\/de\/#website\",\"url\":\"https:\/\/www.bellaeventsspain.com\/de\/\",\"name\":\"Bella Events Spain\",\"description\":\"\",\"publisher\":{\"@id\":\"https:\/\/www.bellaeventsspain.com\/de\/#organization\"},\"potentialAction\":[{\"@type\":\"SearchAction\",\"target\":{\"@type\":\"EntryPoint\",\"urlTemplate\":\"https:\/\/www.bellaeventsspain.com\/de\/?s={search_term_string}\"},\"query-input\":{\"@type\":\"PropertyValueSpecification\",\"valueRequired\":true,\"valueName\":\"search_term_string\"}}],\"inLanguage\":\"de\"},{\"@type\":\"Organization\",\"@id\":\"https:\/\/www.bellaeventsspain.com\/de\/#organization\",\"name\":\"Bella Events Spain\",\"url\":\"https:\/\/www.bellaeventsspain.com\/de\/\",\"logo\":{\"@type\":\"ImageObject\",\"inLanguage\":\"de\",\"@id\":\"https:\/\/www.bellaeventsspain.com\/de\/#\/schema\/logo\/image\/\",\"url\":\"https:\/\/bellaeventsspain.com\/wp-content\/uploads\/2024\/05\/Afbeelding-van-WhatsApp-op-2024-03-11-om-21.17.25_6df76842.jpg\",\"contentUrl\":\"https:\/\/bellaeventsspain.com\/wp-content\/uploads\/2024\/05\/Afbeelding-van-WhatsApp-op-2024-03-11-om-21.17.25_6df76842.jpg\",\"width\":322,\"height\":282,\"caption\":\"Bella Events Spain\"},\"image\":{\"@id\":\"https:\/\/www.bellaeventsspain.com\/de\/#\/schema\/logo\/image\/\"},\"sameAs\":[\"https:\/\/www.facebook.com\/profile.php?id=61555475803204\",\"https:\/\/www.instagram.com\/bellaeventsspain\/\"]}]}<\/script>\n<!-- \/ Yoast SEO plugin. -->","yoast_head_json":{"title":"Rechteckige Tabelle - Bella Events Spain","description":"Rechteckige Tische f\u00fcr Feste und Hochzeiten zu mieten in Calpe, Benissa Altea, Moraira. G\u00fcnstiger Preis.","robots":{"index":"index","follow":"follow","max-snippet":"max-snippet:-1","max-image-preview":"max-image-preview:large","max-video-preview":"max-video-preview:-1"},"canonical":"https:\/\/www.bellaeventsspain.com\/de\/product\/rechteckige-tabelle\/","og_locale":"de_DE","og_type":"article","og_title":"Rechteckige Tabelle - Bella Events Spain","og_description":"Rechteckige Tische f\u00fcr Feste und Hochzeiten zu mieten in Calpe, Benissa Altea, Moraira. G\u00fcnstiger Preis.","og_url":"https:\/\/www.bellaeventsspain.com\/de\/product\/rechteckige-tabelle\/","og_site_name":"Bella Events Spain","article_publisher":"https:\/\/www.facebook.com\/profile.php?id=61555475803204","article_modified_time":"2026-02-15T10:30:26+00:00","og_image":[{"width":884,"height":663,"url":"https:\/\/www.bellaeventsspain.com\/wp-content\/uploads\/2026\/02\/WhatsApp-Image-2026-02-11-at-17.05.56.jpeg","type":"image\/jpeg"}],"twitter_card":"summary_large_image","schema":{"@context":"https:\/\/schema.org","@graph":[{"@type":"WebPage","@id":"https:\/\/www.bellaeventsspain.com\/de\/product\/rechteckige-tabelle\/","url":"https:\/\/www.bellaeventsspain.com\/de\/product\/rechteckige-tabelle\/","name":"Rechteckige Tabelle - Bella Events Spain","isPartOf":{"@id":"https:\/\/www.bellaeventsspain.com\/de\/#website"},"primaryImageOfPage":{"@id":"https:\/\/www.bellaeventsspain.com\/de\/product\/rechteckige-tabelle\/#primaryimage"},"image":{"@id":"https:\/\/www.bellaeventsspain.com\/de\/product\/rechteckige-tabelle\/#primaryimage"},"thumbnailUrl":"https:\/\/www.bellaeventsspain.com\/wp-content\/uploads\/2026\/02\/WhatsApp-Image-2026-02-11-at-17.05.56.jpeg","datePublished":"2026-02-11T16:38:36+00:00","dateModified":"2026-02-15T10:30:26+00:00","description":"Rechteckige Tische f\u00fcr Feste und Hochzeiten zu mieten in Calpe, Benissa Altea, Moraira. G\u00fcnstiger Preis.","breadcrumb":{"@id":"https:\/\/www.bellaeventsspain.com\/de\/product\/rechteckige-tabelle\/#breadcrumb"},"inLanguage":"de","potentialAction":[{"@type":"ReadAction","target":["https:\/\/www.bellaeventsspain.com\/de\/product\/rechteckige-tabelle\/"]}]},{"@type":"ImageObject","inLanguage":"de","@id":"https:\/\/www.bellaeventsspain.com\/de\/product\/rechteckige-tabelle\/#primaryimage","url":"https:\/\/www.bellaeventsspain.com\/wp-content\/uploads\/2026\/02\/WhatsApp-Image-2026-02-11-at-17.05.56.jpeg","contentUrl":"https:\/\/www.bellaeventsspain.com\/wp-content\/uploads\/2026\/02\/WhatsApp-Image-2026-02-11-at-17.05.56.jpeg","width":884,"height":663,"caption":"Beispiel f\u00fcr einen rechteckigen Tisch f\u00fcr Hochzeiten und Feste"},{"@type":"BreadcrumbList","@id":"https:\/\/www.bellaeventsspain.com\/de\/product\/rechteckige-tabelle\/#breadcrumb","itemListElement":[{"@type":"ListItem","position":1,"name":"Portada","item":"https:\/\/www.bellaeventsspain.com\/de\/"},{"@type":"ListItem","position":2,"name":"Webshop","item":"https:\/\/www.bellaeventsspain.com\/de\/shop\/"},{"@type":"ListItem","position":3,"name":"Rechteckige Tabelle"}]},{"@type":"WebSite","@id":"https:\/\/www.bellaeventsspain.com\/de\/#website","url":"https:\/\/www.bellaeventsspain.com\/de\/","name":"Bella Events Spain","description":"","publisher":{"@id":"https:\/\/www.bellaeventsspain.com\/de\/#organization"},"potentialAction":[{"@type":"SearchAction","target":{"@type":"EntryPoint","urlTemplate":"https:\/\/www.bellaeventsspain.com\/de\/?s={search_term_string}"},"query-input":{"@type":"PropertyValueSpecification","valueRequired":true,"valueName":"search_term_string"}}],"inLanguage":"de"},{"@type":"Organization","@id":"https:\/\/www.bellaeventsspain.com\/de\/#organization","name":"Bella Events Spain","url":"https:\/\/www.bellaeventsspain.com\/de\/","logo":{"@type":"ImageObject","inLanguage":"de","@id":"https:\/\/www.bellaeventsspain.com\/de\/#\/schema\/logo\/image\/","url":"https:\/\/bellaeventsspain.com\/wp-content\/uploads\/2024\/05\/Afbeelding-van-WhatsApp-op-2024-03-11-om-21.17.25_6df76842.jpg","contentUrl":"https:\/\/bellaeventsspain.com\/wp-content\/uploads\/2024\/05\/Afbeelding-van-WhatsApp-op-2024-03-11-om-21.17.25_6df76842.jpg","width":322,"height":282,"caption":"Bella Events Spain"},"image":{"@id":"https:\/\/www.bellaeventsspain.com\/de\/#\/schema\/logo\/image\/"},"sameAs":["https:\/\/www.facebook.com\/profile.php?id=61555475803204","https:\/\/www.instagram.com\/bellaeventsspain\/"]}]}},"_links":{"self":[{"href":"https:\/\/www.bellaeventsspain.com\/de\/wp-json\/wp\/v2\/product\/16088","targetHints":{"allow":["GET"]}}],"collection":[{"href":"https:\/\/www.bellaeventsspain.com\/de\/wp-json\/wp\/v2\/product"}],"about":[{"href":"https:\/\/www.bellaeventsspain.com\/de\/wp-json\/wp\/v2\/types\/product"}],"wp:featuredmedia":[{"embeddable":true,"href":"https:\/\/www.bellaeventsspain.com\/de\/wp-json\/wp\/v2\/media\/16089"}],"wp:attachment":[{"href":"https:\/\/www.bellaeventsspain.com\/de\/wp-json\/wp\/v2\/media?parent=16088"}],"wp:term":[{"taxonomy":"product_brand","embeddable":true,"href":"https:\/\/www.bellaeventsspain.com\/de\/wp-json\/wp\/v2\/product_brand?post=16088"},{"taxonomy":"product_cat","embeddable":true,"href":"https:\/\/www.bellaeventsspain.com\/de\/wp-json\/wp\/v2\/product_cat?post=16088"},{"taxonomy":"product_tag","embeddable":true,"href":"https:\/\/www.bellaeventsspain.com\/de\/wp-json\/wp\/v2\/product_tag?post=16088"}],"curies":[{"name":"wp","href":"https:\/\/api.w.org\/{rel}","templated":true}]}}