{"id":16105,"date":"2026-02-11T18:27:28","date_gmt":"2026-02-11T18:27:28","guid":{"rendered":"https:\/\/www.bellaeventsspain.com\/product\/weisse-tischdecken-fuer-rechteckige-tische\/"},"modified":"2026-02-11T18:27:28","modified_gmt":"2026-02-11T18:27:28","slug":"weisse-tischdecken-fuer-rechteckige-tische","status":"publish","type":"product","link":"https:\/\/www.bellaeventsspain.com\/de\/product\/weisse-tischdecken-fuer-rechteckige-tische\/","title":{"rendered":"Wei\u00dfe Tischdecken f\u00fcr rechteckige Tische"},"content":{"rendered":"<p>Wei\u00dfe Tischdecken f\u00fcr unsere rechteckigen Tische von 17 x 182 x 73<\/p>\n","protected":false},"excerpt":{"rendered":"<p>Wei\u00dfe Tischdecken f\u00fcr unsere rechteckigen Tische von 17 x 182 x 73<\/p>\n","protected":false},"featured_media":16091,"template":"","meta":[],"product_brand":[],"product_cat":[473,503],"product_tag":[],"class_list":{"0":"post-16105","1":"product","2":"type-product","3":"status-publish","4":"has-post-thumbnail","6":"product_cat-materialen-fur-events-zu-mieten","7":"product_cat-tabellen","9":"first","10":"instock","11":"virtual","12":"taxable","13":"purchasable","14":"product-type-simple"},"yoast_head":"<!-- This site is optimized with the Yoast SEO plugin v27.1.1 - https:\/\/yoast.com\/product\/yoast-seo-wordpress\/ -->\n<title>Wei\u00dfe Tischdecken f\u00fcr rechteckige Tische - Bella Events Spain<\/title>\n<meta name=\"description\" content=\"Vermietung wei\u00dfer Tischdecken f\u00fcr rechteckige Tische f\u00fcr Partys und Hochzeiten in Calpe, Altea, Benissa, Moraira, g\u00fcnstiger Preis\" \/>\n<meta name=\"robots\" content=\"index, follow, max-snippet:-1, max-image-preview:large, max-video-preview:-1\" \/>\n<link rel=\"canonical\" href=\"https:\/\/www.bellaeventsspain.com\/de\/product\/weisse-tischdecken-fuer-rechteckige-tische\/\" \/>\n<meta property=\"og:locale\" content=\"de_DE\" \/>\n<meta property=\"og:type\" content=\"article\" \/>\n<meta property=\"og:title\" content=\"Wei\u00dfe Tischdecken f\u00fcr rechteckige Tische - Bella Events Spain\" \/>\n<meta property=\"og:description\" content=\"Vermietung wei\u00dfer Tischdecken f\u00fcr rechteckige Tische f\u00fcr Partys und Hochzeiten in Calpe, Altea, Benissa, Moraira, g\u00fcnstiger Preis\" \/>\n<meta property=\"og:url\" content=\"https:\/\/www.bellaeventsspain.com\/de\/product\/weisse-tischdecken-fuer-rechteckige-tische\/\" \/>\n<meta property=\"og:site_name\" content=\"Bella Events Spain\" \/>\n<meta property=\"article:publisher\" content=\"https:\/\/www.facebook.com\/profile.php?id=61555475803204\" \/>\n<meta property=\"og:image\" content=\"https:\/\/www.bellaeventsspain.com\/wp-content\/uploads\/2026\/02\/WhatsApp-Image-2026-02-11-at-17.06.18.jpeg\" \/>\n\t<meta property=\"og:image:width\" content=\"886\" \/>\n\t<meta property=\"og:image:height\" content=\"1181\" \/>\n\t<meta property=\"og:image:type\" content=\"image\/jpeg\" \/>\n<meta name=\"twitter:card\" content=\"summary_large_image\" \/>\n<script type=\"application\/ld+json\" class=\"yoast-schema-graph\">{\"@context\":\"https:\/\/schema.org\",\"@graph\":[{\"@type\":\"WebPage\",\"@id\":\"https:\/\/www.bellaeventsspain.com\/de\/product\/weisse-tischdecken-fuer-rechteckige-tische\/\",\"url\":\"https:\/\/www.bellaeventsspain.com\/de\/product\/weisse-tischdecken-fuer-rechteckige-tische\/\",\"name\":\"Wei\u00dfe Tischdecken f\u00fcr rechteckige Tische - Bella Events Spain\",\"isPartOf\":{\"@id\":\"https:\/\/www.bellaeventsspain.com\/de\/#website\"},\"primaryImageOfPage\":{\"@id\":\"https:\/\/www.bellaeventsspain.com\/de\/product\/weisse-tischdecken-fuer-rechteckige-tische\/#primaryimage\"},\"image\":{\"@id\":\"https:\/\/www.bellaeventsspain.com\/de\/product\/weisse-tischdecken-fuer-rechteckige-tische\/#primaryimage\"},\"thumbnailUrl\":\"https:\/\/www.bellaeventsspain.com\/wp-content\/uploads\/2026\/02\/WhatsApp-Image-2026-02-11-at-17.06.18.jpeg\",\"datePublished\":\"2026-02-11T18:27:28+00:00\",\"description\":\"Vermietung wei\u00dfer Tischdecken f\u00fcr rechteckige Tische f\u00fcr Partys und Hochzeiten in Calpe, Altea, Benissa, Moraira, g\u00fcnstiger Preis\",\"breadcrumb\":{\"@id\":\"https:\/\/www.bellaeventsspain.com\/de\/product\/weisse-tischdecken-fuer-rechteckige-tische\/#breadcrumb\"},\"inLanguage\":\"de\",\"potentialAction\":[{\"@type\":\"ReadAction\",\"target\":[\"https:\/\/www.bellaeventsspain.com\/de\/product\/weisse-tischdecken-fuer-rechteckige-tische\/\"]}]},{\"@type\":\"ImageObject\",\"inLanguage\":\"de\",\"@id\":\"https:\/\/www.bellaeventsspain.com\/de\/product\/weisse-tischdecken-fuer-rechteckige-tische\/#primaryimage\",\"url\":\"https:\/\/www.bellaeventsspain.com\/wp-content\/uploads\/2026\/02\/WhatsApp-Image-2026-02-11-at-17.06.18.jpeg\",\"contentUrl\":\"https:\/\/www.bellaeventsspain.com\/wp-content\/uploads\/2026\/02\/WhatsApp-Image-2026-02-11-at-17.06.18.jpeg\",\"width\":886,\"height\":1181},{\"@type\":\"BreadcrumbList\",\"@id\":\"https:\/\/www.bellaeventsspain.com\/de\/product\/weisse-tischdecken-fuer-rechteckige-tische\/#breadcrumb\",\"itemListElement\":[{\"@type\":\"ListItem\",\"position\":1,\"name\":\"Portada\",\"item\":\"https:\/\/www.bellaeventsspain.com\/de\/\"},{\"@type\":\"ListItem\",\"position\":2,\"name\":\"Webshop\",\"item\":\"https:\/\/www.bellaeventsspain.com\/de\/shop\/\"},{\"@type\":\"ListItem\",\"position\":3,\"name\":\"Wei\u00dfe Tischdecken f\u00fcr rechteckige Tische\"}]},{\"@type\":\"WebSite\",\"@id\":\"https:\/\/www.bellaeventsspain.com\/de\/#website\",\"url\":\"https:\/\/www.bellaeventsspain.com\/de\/\",\"name\":\"Bella Events Spain\",\"description\":\"\",\"publisher\":{\"@id\":\"https:\/\/www.bellaeventsspain.com\/de\/#organization\"},\"potentialAction\":[{\"@type\":\"SearchAction\",\"target\":{\"@type\":\"EntryPoint\",\"urlTemplate\":\"https:\/\/www.bellaeventsspain.com\/de\/?s={search_term_string}\"},\"query-input\":{\"@type\":\"PropertyValueSpecification\",\"valueRequired\":true,\"valueName\":\"search_term_string\"}}],\"inLanguage\":\"de\"},{\"@type\":\"Organization\",\"@id\":\"https:\/\/www.bellaeventsspain.com\/de\/#organization\",\"name\":\"Bella Events Spain\",\"url\":\"https:\/\/www.bellaeventsspain.com\/de\/\",\"logo\":{\"@type\":\"ImageObject\",\"inLanguage\":\"de\",\"@id\":\"https:\/\/www.bellaeventsspain.com\/de\/#\/schema\/logo\/image\/\",\"url\":\"https:\/\/bellaeventsspain.com\/wp-content\/uploads\/2024\/05\/Afbeelding-van-WhatsApp-op-2024-03-11-om-21.17.25_6df76842.jpg\",\"contentUrl\":\"https:\/\/bellaeventsspain.com\/wp-content\/uploads\/2024\/05\/Afbeelding-van-WhatsApp-op-2024-03-11-om-21.17.25_6df76842.jpg\",\"width\":322,\"height\":282,\"caption\":\"Bella Events Spain\"},\"image\":{\"@id\":\"https:\/\/www.bellaeventsspain.com\/de\/#\/schema\/logo\/image\/\"},\"sameAs\":[\"https:\/\/www.facebook.com\/profile.php?id=61555475803204\",\"https:\/\/www.instagram.com\/bellaeventsspain\/\"]}]}<\/script>\n<!-- \/ Yoast SEO plugin. -->","yoast_head_json":{"title":"Wei\u00dfe Tischdecken f\u00fcr rechteckige Tische - Bella Events Spain","description":"Vermietung wei\u00dfer Tischdecken f\u00fcr rechteckige Tische f\u00fcr Partys und Hochzeiten in Calpe, Altea, Benissa, Moraira, g\u00fcnstiger Preis","robots":{"index":"index","follow":"follow","max-snippet":"max-snippet:-1","max-image-preview":"max-image-preview:large","max-video-preview":"max-video-preview:-1"},"canonical":"https:\/\/www.bellaeventsspain.com\/de\/product\/weisse-tischdecken-fuer-rechteckige-tische\/","og_locale":"de_DE","og_type":"article","og_title":"Wei\u00dfe Tischdecken f\u00fcr rechteckige Tische - Bella Events Spain","og_description":"Vermietung wei\u00dfer Tischdecken f\u00fcr rechteckige Tische f\u00fcr Partys und Hochzeiten in Calpe, Altea, Benissa, Moraira, g\u00fcnstiger Preis","og_url":"https:\/\/www.bellaeventsspain.com\/de\/product\/weisse-tischdecken-fuer-rechteckige-tische\/","og_site_name":"Bella Events Spain","article_publisher":"https:\/\/www.facebook.com\/profile.php?id=61555475803204","og_image":[{"width":886,"height":1181,"url":"https:\/\/www.bellaeventsspain.com\/wp-content\/uploads\/2026\/02\/WhatsApp-Image-2026-02-11-at-17.06.18.jpeg","type":"image\/jpeg"}],"twitter_card":"summary_large_image","schema":{"@context":"https:\/\/schema.org","@graph":[{"@type":"WebPage","@id":"https:\/\/www.bellaeventsspain.com\/de\/product\/weisse-tischdecken-fuer-rechteckige-tische\/","url":"https:\/\/www.bellaeventsspain.com\/de\/product\/weisse-tischdecken-fuer-rechteckige-tische\/","name":"Wei\u00dfe Tischdecken f\u00fcr rechteckige Tische - Bella Events Spain","isPartOf":{"@id":"https:\/\/www.bellaeventsspain.com\/de\/#website"},"primaryImageOfPage":{"@id":"https:\/\/www.bellaeventsspain.com\/de\/product\/weisse-tischdecken-fuer-rechteckige-tische\/#primaryimage"},"image":{"@id":"https:\/\/www.bellaeventsspain.com\/de\/product\/weisse-tischdecken-fuer-rechteckige-tische\/#primaryimage"},"thumbnailUrl":"https:\/\/www.bellaeventsspain.com\/wp-content\/uploads\/2026\/02\/WhatsApp-Image-2026-02-11-at-17.06.18.jpeg","datePublished":"2026-02-11T18:27:28+00:00","description":"Vermietung wei\u00dfer Tischdecken f\u00fcr rechteckige Tische f\u00fcr Partys und Hochzeiten in Calpe, Altea, Benissa, Moraira, g\u00fcnstiger Preis","breadcrumb":{"@id":"https:\/\/www.bellaeventsspain.com\/de\/product\/weisse-tischdecken-fuer-rechteckige-tische\/#breadcrumb"},"inLanguage":"de","potentialAction":[{"@type":"ReadAction","target":["https:\/\/www.bellaeventsspain.com\/de\/product\/weisse-tischdecken-fuer-rechteckige-tische\/"]}]},{"@type":"ImageObject","inLanguage":"de","@id":"https:\/\/www.bellaeventsspain.com\/de\/product\/weisse-tischdecken-fuer-rechteckige-tische\/#primaryimage","url":"https:\/\/www.bellaeventsspain.com\/wp-content\/uploads\/2026\/02\/WhatsApp-Image-2026-02-11-at-17.06.18.jpeg","contentUrl":"https:\/\/www.bellaeventsspain.com\/wp-content\/uploads\/2026\/02\/WhatsApp-Image-2026-02-11-at-17.06.18.jpeg","width":886,"height":1181},{"@type":"BreadcrumbList","@id":"https:\/\/www.bellaeventsspain.com\/de\/product\/weisse-tischdecken-fuer-rechteckige-tische\/#breadcrumb","itemListElement":[{"@type":"ListItem","position":1,"name":"Portada","item":"https:\/\/www.bellaeventsspain.com\/de\/"},{"@type":"ListItem","position":2,"name":"Webshop","item":"https:\/\/www.bellaeventsspain.com\/de\/shop\/"},{"@type":"ListItem","position":3,"name":"Wei\u00dfe Tischdecken f\u00fcr rechteckige Tische"}]},{"@type":"WebSite","@id":"https:\/\/www.bellaeventsspain.com\/de\/#website","url":"https:\/\/www.bellaeventsspain.com\/de\/","name":"Bella Events Spain","description":"","publisher":{"@id":"https:\/\/www.bellaeventsspain.com\/de\/#organization"},"potentialAction":[{"@type":"SearchAction","target":{"@type":"EntryPoint","urlTemplate":"https:\/\/www.bellaeventsspain.com\/de\/?s={search_term_string}"},"query-input":{"@type":"PropertyValueSpecification","valueRequired":true,"valueName":"search_term_string"}}],"inLanguage":"de"},{"@type":"Organization","@id":"https:\/\/www.bellaeventsspain.com\/de\/#organization","name":"Bella Events Spain","url":"https:\/\/www.bellaeventsspain.com\/de\/","logo":{"@type":"ImageObject","inLanguage":"de","@id":"https:\/\/www.bellaeventsspain.com\/de\/#\/schema\/logo\/image\/","url":"https:\/\/bellaeventsspain.com\/wp-content\/uploads\/2024\/05\/Afbeelding-van-WhatsApp-op-2024-03-11-om-21.17.25_6df76842.jpg","contentUrl":"https:\/\/bellaeventsspain.com\/wp-content\/uploads\/2024\/05\/Afbeelding-van-WhatsApp-op-2024-03-11-om-21.17.25_6df76842.jpg","width":322,"height":282,"caption":"Bella Events Spain"},"image":{"@id":"https:\/\/www.bellaeventsspain.com\/de\/#\/schema\/logo\/image\/"},"sameAs":["https:\/\/www.facebook.com\/profile.php?id=61555475803204","https:\/\/www.instagram.com\/bellaeventsspain\/"]}]}},"_links":{"self":[{"href":"https:\/\/www.bellaeventsspain.com\/de\/wp-json\/wp\/v2\/product\/16105","targetHints":{"allow":["GET"]}}],"collection":[{"href":"https:\/\/www.bellaeventsspain.com\/de\/wp-json\/wp\/v2\/product"}],"about":[{"href":"https:\/\/www.bellaeventsspain.com\/de\/wp-json\/wp\/v2\/types\/product"}],"wp:featuredmedia":[{"embeddable":true,"href":"https:\/\/www.bellaeventsspain.com\/de\/wp-json\/wp\/v2\/media\/16091"}],"wp:attachment":[{"href":"https:\/\/www.bellaeventsspain.com\/de\/wp-json\/wp\/v2\/media?parent=16105"}],"wp:term":[{"taxonomy":"product_brand","embeddable":true,"href":"https:\/\/www.bellaeventsspain.com\/de\/wp-json\/wp\/v2\/product_brand?post=16105"},{"taxonomy":"product_cat","embeddable":true,"href":"https:\/\/www.bellaeventsspain.com\/de\/wp-json\/wp\/v2\/product_cat?post=16105"},{"taxonomy":"product_tag","embeddable":true,"href":"https:\/\/www.bellaeventsspain.com\/de\/wp-json\/wp\/v2\/product_tag?post=16105"}],"curies":[{"name":"wp","href":"https:\/\/api.w.org\/{rel}","templated":true}]}}