{"id":15752,"date":"2026-02-10T12:22:43","date_gmt":"2026-02-10T12:22:43","guid":{"rendered":"https:\/\/www.bellaeventsspain.com\/verkoop\/"},"modified":"2026-02-10T15:09:47","modified_gmt":"2026-02-10T15:09:47","slug":"kado-voor-bruiloft-kopen","status":"publish","type":"page","link":"https:\/\/www.bellaeventsspain.com\/nl\/kado-voor-bruiloft-kopen\/","title":{"rendered":"Kopen"},"content":{"rendered":"\t\t<div data-elementor-type=\"wp-page\" data-elementor-id=\"15752\" class=\"elementor elementor-15752 elementor-15690\">\n\t\t\t\t<div class=\"elementor-element elementor-element-c14e60e e-flex e-con-boxed e-con e-parent\" data-id=\"c14e60e\" data-element_type=\"container\" data-e-type=\"container\">\n\t\t\t\t\t<div class=\"e-con-inner\">\n\t\t\t\t<div class=\"elementor-element elementor-element-84434f7 elementor-widget elementor-widget-eltdf_product_list\" data-id=\"84434f7\" data-element_type=\"widget\" data-e-type=\"widget\" data-widget_type=\"eltdf_product_list.default\">\n\t\t\t\t<div class=\"elementor-widget-container\">\n\t\t\t\t\t<div class=\"eltdf-pl-holder eltdf-grid-list eltdf-disable-bottom-space eltdf-standard-layout eltdf-one-columns eltdf-normal-space eltdf-info-below-image \">\n\t<div class=\"eltdf-pl-outer eltdf-outer-space\">\n\t\t<div class=\"eltdf-pli eltdf-item-space \">\n\t<div class=\"eltdf-pli-inner\">\n\t\t<div class=\"eltdf-pli-image\">\n\t\t\t\n<img fetchpriority=\"high\" decoding=\"async\" width=\"990\" height=\"1319\" src=\"https:\/\/www.bellaeventsspain.com\/wp-content\/uploads\/2018\/11\/IMG-20240509-WA0002-e1715678938796.jpg\" class=\"attachment-full size-full wp-post-image\" alt=\"\" srcset=\"https:\/\/www.bellaeventsspain.com\/wp-content\/uploads\/2018\/11\/IMG-20240509-WA0002-e1715678938796.jpg 990w, https:\/\/www.bellaeventsspain.com\/wp-content\/uploads\/2018\/11\/IMG-20240509-WA0002-e1715678938796-225x300.jpg 225w, https:\/\/www.bellaeventsspain.com\/wp-content\/uploads\/2018\/11\/IMG-20240509-WA0002-e1715678938796-769x1024.jpg 769w, https:\/\/www.bellaeventsspain.com\/wp-content\/uploads\/2018\/11\/IMG-20240509-WA0002-e1715678938796-768x1023.jpg 768w, https:\/\/www.bellaeventsspain.com\/wp-content\/uploads\/2018\/11\/IMG-20240509-WA0002-e1715678938796-300x400.jpg 300w, https:\/\/www.bellaeventsspain.com\/wp-content\/uploads\/2018\/11\/IMG-20240509-WA0002-e1715678938796-600x799.jpg 600w\" sizes=\"(max-width: 990px) 100vw, 990px\" \/>\t\t<\/div>\n\t\t<a class=\"eltdf-pli-link\" itemprop=\"url\" href=\"https:\/\/www.bellaeventsspain.com\/nl\/product\/donkerblauw-trouwpak\/\" title=\"Donkerblauw trouwpak\"><\/a>\n\t<\/div>\n\t<div class=\"eltdf-pli-text-wrapper\" style=\"text-align: center\">\n\t\t    <h5 itemprop=\"name\" class=\"entry-title eltdf-pli-title\" >\n\t\t<a itemprop=\"url\" href=\"https:\/\/www.bellaeventsspain.com\/nl\/product\/donkerblauw-trouwpak\/\">Donkerblauw trouwpak<\/a>\n\t<\/h5>\n\t\t\n\t\t\t\t\n\t\t\t\t\n\t\t\t\t\n\t\t\t<div class=\"eltdf-pli-price\"><span class=\"woocommerce-Price-amount amount\">570,00&nbsp;<span class=\"woocommerce-Price-currencySymbol\">&euro;<\/span><\/span><\/div>\n\n        <div class=\"eltdf-pli-text\" >\n            <div class=\"eltdf-pli-text-outer\">\n                <div class=\"eltdf-pli-text-inner\">\n\t\t\t\t\t\t\n\t<div class=\"eltdf-pli-add-to-cart eltdf-default-skin\">\n\t\t<a rel=\"nofollow\" href=\"\/nl\/wp-json\/wp\/v2\/pages\/15752?add-to-cart=14188\" data-quantity=\"1\" data-product_id=\"14188\" data-product_sku=\"VEN020002\" class=\"button add_to_cart_button ajax_add_to_cart eltdf-button\">Toevoegen aan winkelwagen<\/a>\t<\/div>\n                <\/div>\n            <\/div>\n        <\/div>\n\t<\/div>\n<\/div><div class=\"eltdf-pli eltdf-item-space \">\n\t<div class=\"eltdf-pli-inner\">\n\t\t<div class=\"eltdf-pli-image\">\n\t\t\t\n<img decoding=\"async\" width=\"1201\" height=\"1600\" src=\"https:\/\/www.bellaeventsspain.com\/wp-content\/uploads\/2024\/05\/IMG-20240509-WA0003.jpg\" class=\"attachment-full size-full wp-post-image\" alt=\"\" srcset=\"https:\/\/www.bellaeventsspain.com\/wp-content\/uploads\/2024\/05\/IMG-20240509-WA0003.jpg 1201w, https:\/\/www.bellaeventsspain.com\/wp-content\/uploads\/2024\/05\/IMG-20240509-WA0003-225x300.jpg 225w, https:\/\/www.bellaeventsspain.com\/wp-content\/uploads\/2024\/05\/IMG-20240509-WA0003-769x1024.jpg 769w, https:\/\/www.bellaeventsspain.com\/wp-content\/uploads\/2024\/05\/IMG-20240509-WA0003-768x1023.jpg 768w, https:\/\/www.bellaeventsspain.com\/wp-content\/uploads\/2024\/05\/IMG-20240509-WA0003-1153x1536.jpg 1153w, https:\/\/www.bellaeventsspain.com\/wp-content\/uploads\/2024\/05\/IMG-20240509-WA0003-300x400.jpg 300w, https:\/\/www.bellaeventsspain.com\/wp-content\/uploads\/2024\/05\/IMG-20240509-WA0003-600x799.jpg 600w\" sizes=\"(max-width: 1201px) 100vw, 1201px\" \/>\t\t<\/div>\n\t\t<a class=\"eltdf-pli-link\" itemprop=\"url\" href=\"https:\/\/www.bellaeventsspain.com\/nl\/product\/set-stropdassen-en-overhemden-grijs-zwart\/\" title=\"Set stropdassen en overhemden Grijs \/ Zwart\"><\/a>\n\t<\/div>\n\t<div class=\"eltdf-pli-text-wrapper\" style=\"text-align: center\">\n\t\t    <h5 itemprop=\"name\" class=\"entry-title eltdf-pli-title\" >\n\t\t<a itemprop=\"url\" href=\"https:\/\/www.bellaeventsspain.com\/nl\/product\/set-stropdassen-en-overhemden-grijs-zwart\/\">Set stropdassen en overhemden Grijs \/ Zwart<\/a>\n\t<\/h5>\n\t\t\n\t\t\t\t\n\t\t\t\t\n\t\t\t\t\n\t\t\t<div class=\"eltdf-pli-price\"><span class=\"woocommerce-Price-amount amount\">132,00&nbsp;<span class=\"woocommerce-Price-currencySymbol\">&euro;<\/span><\/span><\/div>\n\n        <div class=\"eltdf-pli-text\" >\n            <div class=\"eltdf-pli-text-outer\">\n                <div class=\"eltdf-pli-text-inner\">\n\t\t\t\t\t\t\n\t<div class=\"eltdf-pli-add-to-cart eltdf-default-skin\">\n\t\t<a rel=\"nofollow\" href=\"\/nl\/wp-json\/wp\/v2\/pages\/15752?add-to-cart=14142\" data-quantity=\"1\" data-product_id=\"14142\" data-product_sku=\"VEN020001\" class=\"button add_to_cart_button ajax_add_to_cart eltdf-button\">Toevoegen aan winkelwagen<\/a>\t<\/div>\n                <\/div>\n            <\/div>\n        <\/div>\n\t<\/div>\n<\/div><div class=\"eltdf-pli eltdf-item-space \">\n\t<div class=\"eltdf-pli-inner\">\n\t\t<div class=\"eltdf-pli-image\">\n\t\t\t\n<img decoding=\"async\" width=\"800\" height=\"800\" src=\"https:\/\/www.bellaeventsspain.com\/wp-content\/uploads\/2024\/08\/Afbeelding-van-WhatsApp-op-2024-08-09-om-10.44.04_58ed320f.jpg\" class=\"attachment-full size-full wp-post-image\" alt=\"\" srcset=\"https:\/\/www.bellaeventsspain.com\/wp-content\/uploads\/2024\/08\/Afbeelding-van-WhatsApp-op-2024-08-09-om-10.44.04_58ed320f.jpg 800w, https:\/\/www.bellaeventsspain.com\/wp-content\/uploads\/2024\/08\/Afbeelding-van-WhatsApp-op-2024-08-09-om-10.44.04_58ed320f-300x300.jpg 300w, https:\/\/www.bellaeventsspain.com\/wp-content\/uploads\/2024\/08\/Afbeelding-van-WhatsApp-op-2024-08-09-om-10.44.04_58ed320f-150x150.jpg 150w, https:\/\/www.bellaeventsspain.com\/wp-content\/uploads\/2024\/08\/Afbeelding-van-WhatsApp-op-2024-08-09-om-10.44.04_58ed320f-768x768.jpg 768w, https:\/\/www.bellaeventsspain.com\/wp-content\/uploads\/2024\/08\/Afbeelding-van-WhatsApp-op-2024-08-09-om-10.44.04_58ed320f-650x650.jpg 650w, https:\/\/www.bellaeventsspain.com\/wp-content\/uploads\/2024\/08\/Afbeelding-van-WhatsApp-op-2024-08-09-om-10.44.04_58ed320f-600x600.jpg 600w, https:\/\/www.bellaeventsspain.com\/wp-content\/uploads\/2024\/08\/Afbeelding-van-WhatsApp-op-2024-08-09-om-10.44.04_58ed320f-100x100.jpg 100w\" sizes=\"(max-width: 800px) 100vw, 800px\" \/>\t\t<\/div>\n\t\t<a class=\"eltdf-pli-link\" itemprop=\"url\" href=\"https:\/\/www.bellaeventsspain.com\/nl\/product\/klassieke-1ct-diamanten-armband-witgoud\/\" title=\"Klassieke 1ct. diamanten armband, witgoud\"><\/a>\n\t<\/div>\n\t<div class=\"eltdf-pli-text-wrapper\" style=\"text-align: center\">\n\t\t    <h5 itemprop=\"name\" class=\"entry-title eltdf-pli-title\" >\n\t\t<a itemprop=\"url\" href=\"https:\/\/www.bellaeventsspain.com\/nl\/product\/klassieke-1ct-diamanten-armband-witgoud\/\">Klassieke 1ct. diamanten armband, witgoud<\/a>\n\t<\/h5>\n\t\t\n\t\t\t\t\n\t\t\t\t\n\t\t\t\t\n\t\t\t<div class=\"eltdf-pli-price\"><span class=\"woocommerce-Price-amount amount\">4.725,00&nbsp;<span class=\"woocommerce-Price-currencySymbol\">&euro;<\/span><\/span><\/div>\n\n        <div class=\"eltdf-pli-text\" >\n            <div class=\"eltdf-pli-text-outer\">\n                <div class=\"eltdf-pli-text-inner\">\n\t\t\t\t\t\t\n\t<div class=\"eltdf-pli-add-to-cart eltdf-default-skin\">\n\t\t<a rel=\"nofollow\" href=\"\/nl\/wp-json\/wp\/v2\/pages\/15752?add-to-cart=14894\" data-quantity=\"1\" data-product_id=\"14894\" data-product_sku=\"VEN010002\" class=\"button add_to_cart_button ajax_add_to_cart eltdf-button\">Toevoegen aan winkelwagen<\/a>\t<\/div>\n                <\/div>\n            <\/div>\n        <\/div>\n\t<\/div>\n<\/div><div class=\"eltdf-pli eltdf-item-space \">\n\t<div class=\"eltdf-pli-inner\">\n\t\t<div class=\"eltdf-pli-image\">\n\t\t\t\n<img loading=\"lazy\" decoding=\"async\" width=\"1137\" height=\"1600\" src=\"https:\/\/www.bellaeventsspain.com\/wp-content\/uploads\/2024\/08\/Afbeelding-van-WhatsApp-op-2024-08-09-om-10.54.29_6f088a5e.jpg\" class=\"attachment-full size-full wp-post-image\" alt=\"\" srcset=\"https:\/\/www.bellaeventsspain.com\/wp-content\/uploads\/2024\/08\/Afbeelding-van-WhatsApp-op-2024-08-09-om-10.54.29_6f088a5e.jpg 1137w, https:\/\/www.bellaeventsspain.com\/wp-content\/uploads\/2024\/08\/Afbeelding-van-WhatsApp-op-2024-08-09-om-10.54.29_6f088a5e-213x300.jpg 213w, https:\/\/www.bellaeventsspain.com\/wp-content\/uploads\/2024\/08\/Afbeelding-van-WhatsApp-op-2024-08-09-om-10.54.29_6f088a5e-728x1024.jpg 728w, https:\/\/www.bellaeventsspain.com\/wp-content\/uploads\/2024\/08\/Afbeelding-van-WhatsApp-op-2024-08-09-om-10.54.29_6f088a5e-768x1081.jpg 768w, https:\/\/www.bellaeventsspain.com\/wp-content\/uploads\/2024\/08\/Afbeelding-van-WhatsApp-op-2024-08-09-om-10.54.29_6f088a5e-1092x1536.jpg 1092w, https:\/\/www.bellaeventsspain.com\/wp-content\/uploads\/2024\/08\/Afbeelding-van-WhatsApp-op-2024-08-09-om-10.54.29_6f088a5e-300x422.jpg 300w, https:\/\/www.bellaeventsspain.com\/wp-content\/uploads\/2024\/08\/Afbeelding-van-WhatsApp-op-2024-08-09-om-10.54.29_6f088a5e-600x844.jpg 600w\" sizes=\"(max-width: 1137px) 100vw, 1137px\" \/>\t\t<\/div>\n\t\t<a class=\"eltdf-pli-link\" itemprop=\"url\" href=\"https:\/\/www.bellaeventsspain.com\/nl\/product\/herenhorloge-met-twee-wijzerplaten-en-een-roestvrijstalen-armband\/\" title=\"Herenhorloge met twee wijzerplaten en een roestvrijstalen armband.\"><\/a>\n\t<\/div>\n\t<div class=\"eltdf-pli-text-wrapper\" style=\"text-align: center\">\n\t\t    <h5 itemprop=\"name\" class=\"entry-title eltdf-pli-title\" >\n\t\t<a itemprop=\"url\" href=\"https:\/\/www.bellaeventsspain.com\/nl\/product\/herenhorloge-met-twee-wijzerplaten-en-een-roestvrijstalen-armband\/\">Herenhorloge met twee wijzerplaten en een roestvrijstalen armband.<\/a>\n\t<\/h5>\n\t\t\n\t\t\t\t\n\t\t\t\t\n\t\t\t\t\n\t\t\t<div class=\"eltdf-pli-price\"><span class=\"woocommerce-Price-amount amount\">369,00&nbsp;<span class=\"woocommerce-Price-currencySymbol\">&euro;<\/span><\/span><\/div>\n\n        <div class=\"eltdf-pli-text\" >\n            <div class=\"eltdf-pli-text-outer\">\n                <div class=\"eltdf-pli-text-inner\">\n\t\t\t\t\t\t\n\t<div class=\"eltdf-pli-add-to-cart eltdf-default-skin\">\n\t\t<a rel=\"nofollow\" href=\"\/nl\/wp-json\/wp\/v2\/pages\/15752?add-to-cart=14902\" data-quantity=\"1\" data-product_id=\"14902\" data-product_sku=\"VEN010001\" class=\"button add_to_cart_button ajax_add_to_cart eltdf-button\">Toevoegen aan winkelwagen<\/a>\t<\/div>\n                <\/div>\n            <\/div>\n        <\/div>\n\t<\/div>\n<\/div>\t<\/div>\n<\/div>\t\t\t\t<\/div>\n\t\t\t\t<\/div>\n\t\t\t\t\t<\/div>\n\t\t\t\t<\/div>\n\t\t\t\t<\/div>\n\t\t","protected":false},"excerpt":{"rendered":"<p>Traje Novio Azul Oscuro 570,00&nbsp;&euro; A\u00f1adir al carrito Reloj para hombre de dos esferas con pulsera de acero. 369,00&nbsp;&euro; A\u00f1adir al carrito Pulsera Classic diamantes 1qts., oro blanco 4.725,00&nbsp;&euro; A\u00f1adir al carrito Pack corbata con camisa Gris \/ Negro 132,00&nbsp;&euro; A\u00f1adir al carrito<\/p>\n","protected":false},"author":1,"featured_media":0,"parent":0,"menu_order":0,"comment_status":"closed","ping_status":"closed","template":"","meta":{"footnotes":""},"class_list":["post-15752","page","type-page","status-publish","hentry"],"yoast_head":"<!-- This site is optimized with the Yoast SEO plugin v27.5 - https:\/\/yoast.com\/product\/yoast-seo-wordpress\/ -->\n<title>Kopen - Bella Events Spain<\/title>\n<meta name=\"robots\" content=\"index, follow, max-snippet:-1, max-image-preview:large, max-video-preview:-1\" \/>\n<link rel=\"canonical\" href=\"https:\/\/www.bellaeventsspain.com\/nl\/kado-voor-bruiloft-kopen\/\" \/>\n<meta property=\"og:locale\" content=\"nl_NL\" \/>\n<meta property=\"og:type\" content=\"article\" \/>\n<meta property=\"og:title\" content=\"Kopen - Bella Events Spain\" \/>\n<meta property=\"og:description\" content=\"Traje Novio Azul Oscuro 570,00&nbsp;&euro; A\u00f1adir al carrito Reloj para hombre de dos esferas con pulsera de acero. 369,00&nbsp;&euro; A\u00f1adir al carrito Pulsera Classic diamantes 1qts., oro blanco 4.725,00&nbsp;&euro; A\u00f1adir al carrito Pack corbata con camisa Gris \/ Negro 132,00&nbsp;&euro; A\u00f1adir al carrito\" \/>\n<meta property=\"og:url\" content=\"https:\/\/www.bellaeventsspain.com\/nl\/kado-voor-bruiloft-kopen\/\" \/>\n<meta property=\"og:site_name\" content=\"Bella Events Spain\" \/>\n<meta property=\"article:publisher\" content=\"https:\/\/www.facebook.com\/profile.php?id=61555475803204\" \/>\n<meta property=\"article:modified_time\" content=\"2026-02-10T15:09:47+00:00\" \/>\n<meta property=\"og:image\" content=\"https:\/\/www.bellaeventsspain.com\/wp-content\/uploads\/2018\/11\/IMG-20240509-WA0002-e1715678938796.jpg\" \/>\n<meta name=\"twitter:card\" content=\"summary_large_image\" \/>\n<script type=\"application\/ld+json\" class=\"yoast-schema-graph\">{\"@context\":\"https:\\\/\\\/schema.org\",\"@graph\":[{\"@type\":\"WebPage\",\"@id\":\"https:\\\/\\\/www.bellaeventsspain.com\\\/nl\\\/kado-voor-bruiloft-kopen\\\/\",\"url\":\"https:\\\/\\\/www.bellaeventsspain.com\\\/nl\\\/kado-voor-bruiloft-kopen\\\/\",\"name\":\"Kopen - Bella Events Spain\",\"isPartOf\":{\"@id\":\"https:\\\/\\\/www.bellaeventsspain.com\\\/nl\\\/#website\"},\"primaryImageOfPage\":{\"@id\":\"https:\\\/\\\/www.bellaeventsspain.com\\\/nl\\\/kado-voor-bruiloft-kopen\\\/#primaryimage\"},\"image\":{\"@id\":\"https:\\\/\\\/www.bellaeventsspain.com\\\/nl\\\/kado-voor-bruiloft-kopen\\\/#primaryimage\"},\"thumbnailUrl\":\"https:\\\/\\\/www.bellaeventsspain.com\\\/wp-content\\\/uploads\\\/2018\\\/11\\\/IMG-20240509-WA0002-e1715678938796.jpg\",\"datePublished\":\"2026-02-10T12:22:43+00:00\",\"dateModified\":\"2026-02-10T15:09:47+00:00\",\"breadcrumb\":{\"@id\":\"https:\\\/\\\/www.bellaeventsspain.com\\\/nl\\\/kado-voor-bruiloft-kopen\\\/#breadcrumb\"},\"inLanguage\":\"nl-NL\",\"potentialAction\":[{\"@type\":\"ReadAction\",\"target\":[\"https:\\\/\\\/www.bellaeventsspain.com\\\/nl\\\/kado-voor-bruiloft-kopen\\\/\"]}]},{\"@type\":\"ImageObject\",\"inLanguage\":\"nl-NL\",\"@id\":\"https:\\\/\\\/www.bellaeventsspain.com\\\/nl\\\/kado-voor-bruiloft-kopen\\\/#primaryimage\",\"url\":\"https:\\\/\\\/www.bellaeventsspain.com\\\/wp-content\\\/uploads\\\/2018\\\/11\\\/IMG-20240509-WA0002-e1715678938796.jpg\",\"contentUrl\":\"https:\\\/\\\/www.bellaeventsspain.com\\\/wp-content\\\/uploads\\\/2018\\\/11\\\/IMG-20240509-WA0002-e1715678938796.jpg\"},{\"@type\":\"BreadcrumbList\",\"@id\":\"https:\\\/\\\/www.bellaeventsspain.com\\\/nl\\\/kado-voor-bruiloft-kopen\\\/#breadcrumb\",\"itemListElement\":[{\"@type\":\"ListItem\",\"position\":1,\"name\":\"Portada\",\"item\":\"https:\\\/\\\/www.bellaeventsspain.com\\\/nl\\\/\"},{\"@type\":\"ListItem\",\"position\":2,\"name\":\"Kopen\"}]},{\"@type\":\"WebSite\",\"@id\":\"https:\\\/\\\/www.bellaeventsspain.com\\\/nl\\\/#website\",\"url\":\"https:\\\/\\\/www.bellaeventsspain.com\\\/nl\\\/\",\"name\":\"Bella Events Spain\",\"description\":\"\",\"publisher\":{\"@id\":\"https:\\\/\\\/www.bellaeventsspain.com\\\/nl\\\/#organization\"},\"potentialAction\":[{\"@type\":\"SearchAction\",\"target\":{\"@type\":\"EntryPoint\",\"urlTemplate\":\"https:\\\/\\\/www.bellaeventsspain.com\\\/nl\\\/?s={search_term_string}\"},\"query-input\":{\"@type\":\"PropertyValueSpecification\",\"valueRequired\":true,\"valueName\":\"search_term_string\"}}],\"inLanguage\":\"nl-NL\"},{\"@type\":\"Organization\",\"@id\":\"https:\\\/\\\/www.bellaeventsspain.com\\\/nl\\\/#organization\",\"name\":\"Bella Events Spain\",\"url\":\"https:\\\/\\\/www.bellaeventsspain.com\\\/nl\\\/\",\"logo\":{\"@type\":\"ImageObject\",\"inLanguage\":\"nl-NL\",\"@id\":\"https:\\\/\\\/www.bellaeventsspain.com\\\/nl\\\/#\\\/schema\\\/logo\\\/image\\\/\",\"url\":\"https:\\\/\\\/bellaeventsspain.com\\\/wp-content\\\/uploads\\\/2024\\\/05\\\/Afbeelding-van-WhatsApp-op-2024-03-11-om-21.17.25_6df76842.jpg\",\"contentUrl\":\"https:\\\/\\\/bellaeventsspain.com\\\/wp-content\\\/uploads\\\/2024\\\/05\\\/Afbeelding-van-WhatsApp-op-2024-03-11-om-21.17.25_6df76842.jpg\",\"width\":322,\"height\":282,\"caption\":\"Bella Events Spain\"},\"image\":{\"@id\":\"https:\\\/\\\/www.bellaeventsspain.com\\\/nl\\\/#\\\/schema\\\/logo\\\/image\\\/\"},\"sameAs\":[\"https:\\\/\\\/www.facebook.com\\\/profile.php?id=61555475803204\",\"https:\\\/\\\/www.instagram.com\\\/bellaeventsspain\\\/\"]}]}<\/script>\n<!-- \/ Yoast SEO plugin. -->","yoast_head_json":{"title":"Kopen - Bella Events Spain","robots":{"index":"index","follow":"follow","max-snippet":"max-snippet:-1","max-image-preview":"max-image-preview:large","max-video-preview":"max-video-preview:-1"},"canonical":"https:\/\/www.bellaeventsspain.com\/nl\/kado-voor-bruiloft-kopen\/","og_locale":"nl_NL","og_type":"article","og_title":"Kopen - Bella Events Spain","og_description":"Traje Novio Azul Oscuro 570,00&nbsp;&euro; A\u00f1adir al carrito Reloj para hombre de dos esferas con pulsera de acero. 369,00&nbsp;&euro; A\u00f1adir al carrito Pulsera Classic diamantes 1qts., oro blanco 4.725,00&nbsp;&euro; A\u00f1adir al carrito Pack corbata con camisa Gris \/ Negro 132,00&nbsp;&euro; A\u00f1adir al carrito","og_url":"https:\/\/www.bellaeventsspain.com\/nl\/kado-voor-bruiloft-kopen\/","og_site_name":"Bella Events Spain","article_publisher":"https:\/\/www.facebook.com\/profile.php?id=61555475803204","article_modified_time":"2026-02-10T15:09:47+00:00","og_image":[{"url":"https:\/\/www.bellaeventsspain.com\/wp-content\/uploads\/2018\/11\/IMG-20240509-WA0002-e1715678938796.jpg","type":"","width":"","height":""}],"twitter_card":"summary_large_image","schema":{"@context":"https:\/\/schema.org","@graph":[{"@type":"WebPage","@id":"https:\/\/www.bellaeventsspain.com\/nl\/kado-voor-bruiloft-kopen\/","url":"https:\/\/www.bellaeventsspain.com\/nl\/kado-voor-bruiloft-kopen\/","name":"Kopen - Bella Events Spain","isPartOf":{"@id":"https:\/\/www.bellaeventsspain.com\/nl\/#website"},"primaryImageOfPage":{"@id":"https:\/\/www.bellaeventsspain.com\/nl\/kado-voor-bruiloft-kopen\/#primaryimage"},"image":{"@id":"https:\/\/www.bellaeventsspain.com\/nl\/kado-voor-bruiloft-kopen\/#primaryimage"},"thumbnailUrl":"https:\/\/www.bellaeventsspain.com\/wp-content\/uploads\/2018\/11\/IMG-20240509-WA0002-e1715678938796.jpg","datePublished":"2026-02-10T12:22:43+00:00","dateModified":"2026-02-10T15:09:47+00:00","breadcrumb":{"@id":"https:\/\/www.bellaeventsspain.com\/nl\/kado-voor-bruiloft-kopen\/#breadcrumb"},"inLanguage":"nl-NL","potentialAction":[{"@type":"ReadAction","target":["https:\/\/www.bellaeventsspain.com\/nl\/kado-voor-bruiloft-kopen\/"]}]},{"@type":"ImageObject","inLanguage":"nl-NL","@id":"https:\/\/www.bellaeventsspain.com\/nl\/kado-voor-bruiloft-kopen\/#primaryimage","url":"https:\/\/www.bellaeventsspain.com\/wp-content\/uploads\/2018\/11\/IMG-20240509-WA0002-e1715678938796.jpg","contentUrl":"https:\/\/www.bellaeventsspain.com\/wp-content\/uploads\/2018\/11\/IMG-20240509-WA0002-e1715678938796.jpg"},{"@type":"BreadcrumbList","@id":"https:\/\/www.bellaeventsspain.com\/nl\/kado-voor-bruiloft-kopen\/#breadcrumb","itemListElement":[{"@type":"ListItem","position":1,"name":"Portada","item":"https:\/\/www.bellaeventsspain.com\/nl\/"},{"@type":"ListItem","position":2,"name":"Kopen"}]},{"@type":"WebSite","@id":"https:\/\/www.bellaeventsspain.com\/nl\/#website","url":"https:\/\/www.bellaeventsspain.com\/nl\/","name":"Bella Events Spain","description":"","publisher":{"@id":"https:\/\/www.bellaeventsspain.com\/nl\/#organization"},"potentialAction":[{"@type":"SearchAction","target":{"@type":"EntryPoint","urlTemplate":"https:\/\/www.bellaeventsspain.com\/nl\/?s={search_term_string}"},"query-input":{"@type":"PropertyValueSpecification","valueRequired":true,"valueName":"search_term_string"}}],"inLanguage":"nl-NL"},{"@type":"Organization","@id":"https:\/\/www.bellaeventsspain.com\/nl\/#organization","name":"Bella Events Spain","url":"https:\/\/www.bellaeventsspain.com\/nl\/","logo":{"@type":"ImageObject","inLanguage":"nl-NL","@id":"https:\/\/www.bellaeventsspain.com\/nl\/#\/schema\/logo\/image\/","url":"https:\/\/bellaeventsspain.com\/wp-content\/uploads\/2024\/05\/Afbeelding-van-WhatsApp-op-2024-03-11-om-21.17.25_6df76842.jpg","contentUrl":"https:\/\/bellaeventsspain.com\/wp-content\/uploads\/2024\/05\/Afbeelding-van-WhatsApp-op-2024-03-11-om-21.17.25_6df76842.jpg","width":322,"height":282,"caption":"Bella Events Spain"},"image":{"@id":"https:\/\/www.bellaeventsspain.com\/nl\/#\/schema\/logo\/image\/"},"sameAs":["https:\/\/www.facebook.com\/profile.php?id=61555475803204","https:\/\/www.instagram.com\/bellaeventsspain\/"]}]}},"_links":{"self":[{"href":"https:\/\/www.bellaeventsspain.com\/nl\/wp-json\/wp\/v2\/pages\/15752","targetHints":{"allow":["GET"]}}],"collection":[{"href":"https:\/\/www.bellaeventsspain.com\/nl\/wp-json\/wp\/v2\/pages"}],"about":[{"href":"https:\/\/www.bellaeventsspain.com\/nl\/wp-json\/wp\/v2\/types\/page"}],"author":[{"embeddable":true,"href":"https:\/\/www.bellaeventsspain.com\/nl\/wp-json\/wp\/v2\/users\/1"}],"replies":[{"embeddable":true,"href":"https:\/\/www.bellaeventsspain.com\/nl\/wp-json\/wp\/v2\/comments?post=15752"}],"version-history":[{"count":13,"href":"https:\/\/www.bellaeventsspain.com\/nl\/wp-json\/wp\/v2\/pages\/15752\/revisions"}],"predecessor-version":[{"id":15888,"href":"https:\/\/www.bellaeventsspain.com\/nl\/wp-json\/wp\/v2\/pages\/15752\/revisions\/15888"}],"wp:attachment":[{"href":"https:\/\/www.bellaeventsspain.com\/nl\/wp-json\/wp\/v2\/media?parent=15752"}],"curies":[{"name":"wp","href":"https:\/\/api.w.org\/{rel}","templated":true}]}}